{"id":1715,"date":"2025-08-15T12:47:18","date_gmt":"2025-08-15T12:47:18","guid":{"rendered":"https:\/\/italyviptours.com\/registro-aziendale\/"},"modified":"2025-08-18T11:17:17","modified_gmt":"2025-08-18T11:17:17","slug":"registro-aziendale","status":"publish","type":"page","link":"https:\/\/italyviptours.com\/it\/registro-aziendale\/","title":{"rendered":"Registro Aziendale"},"content":{"rendered":"\t\t<div data-elementor-type=\"wp-page\" data-elementor-id=\"1715\" class=\"elementor elementor-1715 elementor-1461\" data-elementor-post-type=\"page\">\n\t\t\t\t<div class=\"elementor-element elementor-element-373a363 e-flex e-con-boxed e-con e-parent\" data-id=\"373a363\" data-element_type=\"container\">\n\t\t\t\t\t<div class=\"e-con-inner\">\n\t\t\t\t<div class=\"elementor-element elementor-element-0184592 elementor-widget elementor-widget-heading\" data-id=\"0184592\" data-element_type=\"widget\" data-widget_type=\"heading.default\">\n\t\t\t\t\t<h2 class=\"elementor-heading-title elementor-size-default\">Registrazione aziendale<\/h2>\t\t\t\t<\/div>\n\t\t\t\t\t<\/div>\n\t\t\t\t<\/div>\n\t\t<div class=\"elementor-element elementor-element-8369405 e-flex e-con-boxed e-con e-parent\" data-id=\"8369405\" data-element_type=\"container\">\n\t\t\t\t\t<div class=\"e-con-inner\">\n\t\t\t\t<div class=\"elementor-element elementor-element-36ac8a73 elementor-widget elementor-widget-shortcode\" data-id=\"36ac8a73\" data-element_type=\"widget\" data-widget_type=\"shortcode.default\">\n\t\t\t\t\t\t\t<div class=\"elementor-shortcode\">        <div id=\"wclr-pop\"><\/div>\n        <form method=\"post\" class=\"wclr-form wclr-corporate\">\n            <p><label>Firstname *<input type=\"text\" name=\"billing_first_name\" required><\/label><\/p>\n            <p><label>Lastname *<input type=\"text\" name=\"billing_last_name\" required><\/label><\/p>\n            <p><label>Email *<input type=\"email\" name=\"user_email\" required><\/label><\/p>\n            <p><label>Password *<input type=\"password\" name=\"password\" required><\/label><\/p>\n            <p><label>Confirm Password *<input type=\"password\" name=\"password2\" required><\/label><\/p>\n            <p><label>Company name *<input type=\"text\" name=\"billing_company\" required><\/label><\/p>\n            <p><label>Phone *<input type=\"text\" name=\"billing_phone\" required><\/label><\/p>\n            <p><label>Address<input type=\"text\" name=\"billing_address_1\"><\/label><\/p>\n            <p><label>Postal Code<input type=\"text\" name=\"billing_postcode\"><\/label><\/p>\n            <p><label>Country *<p class=\"form-row validate-required\" id=\"billing_country_field\" data-priority=\"\"><span class=\"woocommerce-input-wrapper\"><select name=\"billing_country\" id=\"billing_country\" class=\"country_to_state country_select \" aria-required=\"true\" data-placeholder=\"Seleziona un paese \/ una regione&hellip;\" ><option value=\"\">Seleziona un paese \/ una regione&hellip;<\/option><option value=\"AF\" >Afghanistan<\/option><option value=\"AL\" >Albania<\/option><option value=\"DZ\" >Algeria<\/option><option value=\"AS\" >American Samoa<\/option><option value=\"AD\" >Andorra<\/option><option value=\"AO\" >Angola<\/option><option value=\"AI\" >Anguilla<\/option><option value=\"AQ\" >Antartide<\/option><option value=\"AG\" >Antigua e Barbuda<\/option><option value=\"SA\" >Arabia Saudita<\/option><option value=\"AR\" >Argentina<\/option><option value=\"AM\" >Armenia<\/option><option value=\"AW\" >Aruba<\/option><option value=\"AU\" >Australia<\/option><option value=\"AT\" >Austria<\/option><option value=\"AZ\" >Azerbaijan<\/option><option value=\"BS\" >Bahamas<\/option><option value=\"BH\" >Bahrain<\/option><option value=\"BD\" >Bangladesh<\/option><option value=\"BB\" >Barbados<\/option><option value=\"PW\" >Belau<\/option><option value=\"BE\" >Belgio<\/option><option value=\"BZ\" >Belize<\/option><option value=\"BJ\" >Benin<\/option><option value=\"BM\" >Bermuda<\/option><option value=\"BT\" >Bhutan<\/option><option value=\"BY\" >Bielorussia<\/option><option value=\"MM\" >Birmania<\/option><option value=\"BO\" >Bolivia<\/option><option value=\"BQ\" >Bonaire, Saint Eustatius e Saba<\/option><option value=\"BA\" >Bosnia-Erzegovina<\/option><option value=\"BW\" >Botswana<\/option><option value=\"BR\" >Brasile<\/option><option value=\"BN\" >Brunei<\/option><option value=\"BG\" >Bulgaria<\/option><option value=\"BF\" >Burkina Faso<\/option><option value=\"BI\" >Burundi<\/option><option value=\"KH\" >Cambogia<\/option><option value=\"CM\" >Camerun<\/option><option value=\"CA\" >Canada<\/option><option value=\"CV\" >Capo Verde<\/option><option value=\"TD\" >Ciad<\/option><option value=\"CL\" >Cile<\/option><option value=\"CN\" >Cina<\/option><option value=\"CY\" >Cipro<\/option><option value=\"CO\" >Colombia<\/option><option value=\"KM\" >Comore<\/option><option value=\"CG\" >Congo (Brazzaville)<\/option><option value=\"CD\" >Congo (Kinshasa)<\/option><option value=\"KP\" >Corea del Nord<\/option><option value=\"KR\" >Corea del Sud<\/option><option value=\"CI\" >Costa d&#039;Avorio<\/option><option value=\"CR\" >Costa Rica<\/option><option value=\"HR\" >Croazia<\/option><option value=\"CU\" >Cuba<\/option><option value=\"CW\" >Cura&ccedil;ao<\/option><option value=\"DK\" >Danimarca<\/option><option value=\"DM\" >Dominica<\/option><option value=\"EC\" >Ecuador<\/option><option value=\"EG\" >Egitto<\/option><option value=\"SV\" >El Salvador<\/option><option value=\"AE\" >Emirati Arabi Uniti<\/option><option value=\"ER\" >Eritrea<\/option><option value=\"EE\" >Estonia<\/option><option value=\"SZ\" >Eswatini<\/option><option value=\"ET\" >Etiopia<\/option><option value=\"FJ\" >Figi<\/option><option value=\"PH\" >Filippine<\/option><option value=\"FI\" >Finlandia<\/option><option value=\"FR\" >Francia<\/option><option value=\"GA\" >Gabon<\/option><option value=\"GM\" >Gambia<\/option><option value=\"GE\" >Georgia<\/option><option value=\"DE\" >Germania<\/option><option value=\"GH\" >Ghana<\/option><option value=\"JM\" >Giamaica<\/option><option value=\"JP\" >Giappone<\/option><option value=\"GI\" >Gibilterra<\/option><option value=\"DJ\" >Gibuti<\/option><option value=\"JO\" >Giordania<\/option><option value=\"GR\" >Grecia<\/option><option value=\"GD\" >Grenada<\/option><option value=\"GL\" >Groenlandia<\/option><option value=\"GP\" >Guadalupa<\/option><option value=\"GU\" >Guam<\/option><option value=\"GT\" >Guatemala<\/option><option value=\"GG\" >Guernsey<\/option><option value=\"GN\" >Guinea<\/option><option value=\"GQ\" >Guinea Equatoriale<\/option><option value=\"GW\" >Guinea-Bissau<\/option><option value=\"GY\" >Guyana<\/option><option value=\"GF\" >Guyana Francese<\/option><option value=\"HT\" >Haiti<\/option><option value=\"HN\" >Honduras<\/option><option value=\"HK\" >Hong Kong<\/option><option value=\"IN\" >India<\/option><option value=\"ID\" >Indonesia<\/option><option value=\"IR\" >Iran<\/option><option value=\"IQ\" >Iraq<\/option><option value=\"IE\" >Irlanda<\/option><option value=\"IS\" >Islanda<\/option><option value=\"BV\" >Isola Bouvet<\/option><option value=\"IM\" >Isola di Man<\/option><option value=\"CX\" >Isola di Natale<\/option><option value=\"NF\" >Isola Norfolk<\/option><option value=\"AX\" >Isole \u00c5land<\/option><option value=\"KY\" >Isole Cayman<\/option><option value=\"CC\" >Isole Cocos (Keeling)<\/option><option value=\"CK\" >Isole Cook<\/option><option value=\"FK\" >Isole Falkland<\/option><option value=\"FO\" >Isole Faroe<\/option><option value=\"HM\" >Isole Heard e McDonald<\/option><option value=\"MH\" >Isole Marshall<\/option><option value=\"SB\" >Isole Salomone<\/option><option value=\"VI\" >Isole Vergini Americane<\/option><option value=\"VG\" >Isole Vergini Britanniche<\/option><option value=\"IL\" >Israele<\/option><option value=\"IT\" >Italia<\/option><option value=\"JE\" >Jersey<\/option><option value=\"KZ\" >Kazakistan<\/option><option value=\"KE\" >Kenya<\/option><option value=\"KG\" >Kirghizistan<\/option><option value=\"KI\" >Kiribati<\/option><option value=\"KW\" >Kuwait<\/option><option value=\"LA\" >Laos<\/option><option value=\"LS\" >Lesotho<\/option><option value=\"LV\" >Lettonia<\/option><option value=\"LB\" >Libano<\/option><option value=\"LR\" >Liberia<\/option><option value=\"LY\" >Libia<\/option><option value=\"LI\" >Liechtenstein<\/option><option value=\"LT\" >Lituania<\/option><option value=\"LU\" >Lussemburgo<\/option><option value=\"MO\" >Macao<\/option><option value=\"MK\" >Macedonia del Nord<\/option><option value=\"MG\" >Madagascar<\/option><option value=\"MW\" >Malawi<\/option><option value=\"MY\" >Malaysia<\/option><option value=\"MV\" >Maldive<\/option><option value=\"ML\" >Mali<\/option><option value=\"MT\" >Malta<\/option><option value=\"MA\" >Marocco<\/option><option value=\"MQ\" >Martinica<\/option><option value=\"MR\" >Mauritania<\/option><option value=\"MU\" >Mauritius<\/option><option value=\"YT\" >Mayotte<\/option><option value=\"MX\" >Messico<\/option><option value=\"FM\" >Micronesia<\/option><option value=\"MD\" >Moldavia<\/option><option value=\"MC\" >Monaco<\/option><option value=\"MN\" >Mongolia<\/option><option value=\"ME\" >Montenegro<\/option><option value=\"MS\" >Montserrat<\/option><option value=\"MZ\" >Mozambico<\/option><option value=\"NA\" >Namibia<\/option><option value=\"NR\" >Nauru<\/option><option value=\"NP\" >Nepal<\/option><option value=\"NI\" >Nicaragua<\/option><option value=\"NE\" >Niger<\/option><option value=\"NG\" >Nigeria<\/option><option value=\"NU\" >Niue<\/option><option value=\"MP\" >Northern Mariana Islands<\/option><option value=\"NO\" >Norvegia<\/option><option value=\"NC\" >Nuova Caledonia<\/option><option value=\"NZ\" >Nuova Zelanda<\/option><option value=\"OM\" >Oman<\/option><option value=\"NL\" >Paesi Bassi<\/option><option value=\"PK\" >Pakistan<\/option><option value=\"PA\" >Panama<\/option><option value=\"PG\" >Papua Nuova Guinea<\/option><option value=\"PY\" >Paraguay<\/option><option value=\"PE\" >Per\u00f9<\/option><option value=\"PN\" >Pitcairn<\/option><option value=\"PF\" >Polinesia Francese<\/option><option value=\"PL\" >Polonia<\/option><option value=\"PT\" >Portogallo<\/option><option value=\"PR\" >Puerto Rico<\/option><option value=\"QA\" >Qatar<\/option><option value=\"GB\" >Regno Unito (UK)<\/option><option value=\"CZ\" >Repubblica Ceca<\/option><option value=\"CF\" >Repubblica Centrafricana<\/option><option value=\"DO\" >Repubblica Dominicana<\/option><option value=\"RE\" >Reunion<\/option><option value=\"RO\" >Romania<\/option><option value=\"RU\" >Russia<\/option><option value=\"RW\" >Rwanda<\/option><option value=\"EH\" >Sahara Occidentale<\/option><option value=\"SH\" >Saint Helena<\/option><option value=\"KN\" >Saint Kitts e Nevis<\/option><option value=\"LC\" >Saint Lucia<\/option><option value=\"MF\" >Saint Martin (Francia)<\/option><option value=\"SX\" >Saint Martin (Paesi Bassi)<\/option><option value=\"VC\" >Saint Vincent e Grenadine<\/option><option value=\"BL\" >Saint-Barth\u00e9lemy<\/option><option value=\"PM\" >Saint-Pierre e Miquelon<\/option><option value=\"WS\" >Samoa<\/option><option value=\"SM\" >San Marino<\/option><option value=\"ST\" >S\u00e3o Tom\u00e9 e Pr\u00edncipe<\/option><option value=\"SN\" >Senegal<\/option><option value=\"RS\" >Serbia<\/option><option value=\"SC\" >Seychelles<\/option><option value=\"SL\" >Sierra Leone<\/option><option value=\"SG\" >Singapore<\/option><option value=\"SY\" >Siria<\/option><option value=\"SK\" >Slovacchia<\/option><option value=\"SI\" >Slovenia<\/option><option value=\"SO\" >Somalia<\/option><option value=\"GS\" >South Georgia\/Sandwich Islands<\/option><option value=\"ES\" >Spagna<\/option><option value=\"LK\" >Sri Lanka<\/option><option value=\"US\" >Stati Uniti (US)<\/option><option value=\"UM\" >Stati Uniti (US) Isole Minori<\/option><option value=\"ZA\" >Sud Africa<\/option><option value=\"SD\" >Sudan<\/option><option value=\"SS\" >Sudan del Sud<\/option><option value=\"SR\" >Suriname<\/option><option value=\"SJ\" >Svalbard e Jan Mayen<\/option><option value=\"SE\" >Svezia<\/option><option value=\"CH\" >Svizzera<\/option><option value=\"TJ\" >Tagikistan<\/option><option value=\"TH\" >Tailandia<\/option><option value=\"TW\" >Taiwan<\/option><option value=\"TZ\" >Tanzania<\/option><option value=\"TF\" >Terre Australi e Antartiche Francesi<\/option><option value=\"PS\" >Territori palestinesi<\/option><option value=\"IO\" >Territorio Britannico dell&#039;Oceano Indiano<\/option><option value=\"TL\" >Timor Est<\/option><option value=\"TG\" >Togo<\/option><option value=\"TK\" >Tokelau<\/option><option value=\"TO\" >Tonga<\/option><option value=\"TT\" >Trinidad e Tobago<\/option><option value=\"TN\" >Tunisia<\/option><option value=\"TR\" >Turchia<\/option><option value=\"TM\" >Turkmenistan<\/option><option value=\"TC\" >Turks e Caicos<\/option><option value=\"TV\" >Tuvalu<\/option><option value=\"UA\" >Ucraina<\/option><option value=\"UG\" >Uganda<\/option><option value=\"HU\" >Ungheria<\/option><option value=\"UY\" >Uruguay<\/option><option value=\"UZ\" >Uzbekistan<\/option><option value=\"VU\" >Vanuatu<\/option><option value=\"VA\" >Vaticano<\/option><option value=\"VE\" >Venezuela<\/option><option value=\"VN\" >Vietnam<\/option><option value=\"WF\" >Wallis e Futuna<\/option><option value=\"YE\" >Yemen<\/option><option value=\"ZM\" >Zambia<\/option><option value=\"ZW\" >Zimbabwe<\/option><\/select><noscript><button type=\"submit\" name=\"woocommerce_checkout_update_totals\" value=\"Aggiorna il Paese\/la regione\">Aggiorna il Paese\/la regione<\/button><\/noscript><\/span><\/p><\/label><\/p>\n            <p><label>Province<p class=\"form-row \" id=\"billing_state_field\" data-priority=\"\"><span class=\"woocommerce-input-wrapper\"><input type=\"text\" class=\"input-text \" value=\"\"  placeholder=\"\" name=\"billing_state\" id=\"billing_state\"  data-input-classes=\"\"\/><\/span><\/p><\/label><\/p>\n            <p><label>City<input type=\"text\" name=\"billing_city\"><\/label><\/p>\n            <p><label>SDI Code *<input type=\"text\" name=\"billing_sdi\" required><\/label><\/p>\n            <p><label>Vat ID *<input type=\"text\" name=\"billing_vat\" required><\/label><\/p>\n                        <p><label class=\"newsletter_class\"><input type=\"checkbox\" name=\"newsletter\"> Subscribe Newsletter<\/label><\/p>\n            <p class=\"wclr-gdpr\"><label class=\"newsletter_class\"><input type=\"checkbox\" name=\"gdpr\" required> The data provided by completing this form will be processed in accordance with GDPR 2016\/679 (c.d. personal data protection code). By clicking this flag the user acknowledges having read the information on the processing of personal data and to express your consent to their processing. *<\/label><\/p>\n            <input type=\"hidden\" id=\"_wclr_reg_c\" name=\"_wclr_reg_c\" value=\"1c33e2ec91\" \/><input type=\"hidden\" name=\"_wp_http_referer\" value=\"\/it\/wp-json\/wp\/v2\/pages\/1715\" \/>            <p><button type=\"submit\" name=\"wclr_register_corporate\">Register<\/button><\/p>\n        <\/form>\n        <\/div>\n\t\t\t\t\t\t<\/div>\n\t\t\t\t\t<\/div>\n\t\t\t\t<\/div>\n\t\t\t\t<\/div>\n\t\t","protected":false},"excerpt":{"rendered":"<p>Registrazione aziendale<\/p>\n","protected":false},"author":1,"featured_media":0,"parent":0,"menu_order":0,"comment_status":"closed","ping_status":"closed","template":"","meta":{"_acf_changed":false,"site-sidebar-layout":"default","site-content-layout":"","ast-site-content-layout":"default","site-content-style":"default","site-sidebar-style":"default","ast-global-header-display":"","ast-banner-title-visibility":"","ast-main-header-display":"","ast-hfb-above-header-display":"","ast-hfb-below-header-display":"","ast-hfb-mobile-header-display":"","site-post-title":"","ast-breadcrumbs-content":"","ast-featured-img":"","footer-sml-layout":"","theme-transparent-header-meta":"","adv-header-id-meta":"","stick-header-meta":"","header-above-stick-meta":"","header-main-stick-meta":"","header-below-stick-meta":"","astra-migrate-meta-layouts":"default","ast-page-background-enabled":"default","ast-page-background-meta":{"desktop":{"background-color":"var(--ast-global-color-5)","background-image":"","background-repeat":"repeat","background-position":"center center","background-size":"auto","background-attachment":"scroll","background-type":"","background-media":"","overlay-type":"","overlay-color":"","overlay-opacity":"","overlay-gradient":""},"tablet":{"background-color":"","background-image":"","background-repeat":"repeat","background-position":"center center","background-size":"auto","background-attachment":"scroll","background-type":"","background-media":"","overlay-type":"","overlay-color":"","overlay-opacity":"","overlay-gradient":""},"mobile":{"background-color":"","background-image":"","background-repeat":"repeat","background-position":"center center","background-size":"auto","background-attachment":"scroll","background-type":"","background-media":"","overlay-type":"","overlay-color":"","overlay-opacity":"","overlay-gradient":""}},"ast-content-background-meta":{"desktop":{"background-color":"var(--ast-global-color-4)","background-image":"","background-repeat":"repeat","background-position":"center center","background-size":"auto","background-attachment":"scroll","background-type":"","background-media":"","overlay-type":"","overlay-color":"","overlay-opacity":"","overlay-gradient":""},"tablet":{"background-color":"var(--ast-global-color-4)","background-image":"","background-repeat":"repeat","background-position":"center center","background-size":"auto","background-attachment":"scroll","background-type":"","background-media":"","overlay-type":"","overlay-color":"","overlay-opacity":"","overlay-gradient":""},"mobile":{"background-color":"var(--ast-global-color-4)","background-image":"","background-repeat":"repeat","background-position":"center center","background-size":"auto","background-attachment":"scroll","background-type":"","background-media":"","overlay-type":"","overlay-color":"","overlay-opacity":"","overlay-gradient":""}},"footnotes":""},"class_list":["post-1715","page","type-page","status-publish","hentry"],"acf":[],"yoast_head":"<!-- This site is optimized with the Yoast SEO plugin v26.0 - https:\/\/yoast.com\/wordpress\/plugins\/seo\/ -->\n<title>Registro Aziendale - Italy Vip Tours<\/title>\n<meta name=\"robots\" content=\"index, follow, max-snippet:-1, max-image-preview:large, max-video-preview:-1\" \/>\n<link rel=\"canonical\" href=\"https:\/\/italyviptours.com\/register-corporate\/\" \/>\n<meta property=\"og:locale\" content=\"it_IT\" \/>\n<meta property=\"og:type\" content=\"article\" \/>\n<meta property=\"og:title\" content=\"Registro Aziendale - Italy Vip Tours\" \/>\n<meta property=\"og:description\" content=\"Registrazione aziendale\" \/>\n<meta property=\"og:url\" content=\"https:\/\/italyviptours.com\/register-corporate\/\" \/>\n<meta property=\"og:site_name\" content=\"Italy Vip Tours\" \/>\n<meta property=\"article:modified_time\" content=\"2025-08-18T11:17:17+00:00\" \/>\n<meta name=\"twitter:card\" content=\"summary_large_image\" \/>\n<script type=\"application\/ld+json\" class=\"yoast-schema-graph\">{\"@context\":\"https:\/\/schema.org\",\"@graph\":[{\"@type\":\"WebPage\",\"@id\":\"https:\/\/italyviptours.com\/register-corporate\/\",\"url\":\"https:\/\/italyviptours.com\/register-corporate\/\",\"name\":\"Registro Aziendale - Italy Vip Tours\",\"isPartOf\":{\"@id\":\"https:\/\/italyviptours.com\/#website\"},\"datePublished\":\"2025-08-15T12:47:18+00:00\",\"dateModified\":\"2025-08-18T11:17:17+00:00\",\"breadcrumb\":{\"@id\":\"https:\/\/italyviptours.com\/register-corporate\/#breadcrumb\"},\"inLanguage\":\"it-IT\",\"potentialAction\":[{\"@type\":\"ReadAction\",\"target\":[\"https:\/\/italyviptours.com\/register-corporate\/\"]}]},{\"@type\":\"BreadcrumbList\",\"@id\":\"https:\/\/italyviptours.com\/register-corporate\/#breadcrumb\",\"itemListElement\":[{\"@type\":\"ListItem\",\"position\":1,\"name\":\"Home\",\"item\":\"https:\/\/italyviptours.com\/\"},{\"@type\":\"ListItem\",\"position\":2,\"name\":\"Registro Aziendale\"}]},{\"@type\":\"WebSite\",\"@id\":\"https:\/\/italyviptours.com\/#website\",\"url\":\"https:\/\/italyviptours.com\/\",\"name\":\"Italy Vip Tours - Golf Cart Tour in Rome\",\"description\":\"Let\u2019s Discover a Tour\",\"alternateName\":\"Italy Vip Tours\",\"potentialAction\":[{\"@type\":\"SearchAction\",\"target\":{\"@type\":\"EntryPoint\",\"urlTemplate\":\"https:\/\/italyviptours.com\/?s={search_term_string}\"},\"query-input\":{\"@type\":\"PropertyValueSpecification\",\"valueRequired\":true,\"valueName\":\"search_term_string\"}}],\"inLanguage\":\"it-IT\"}]}<\/script>\n<!-- \/ Yoast SEO plugin. -->","yoast_head_json":{"title":"Registro Aziendale - Italy Vip Tours","robots":{"index":"index","follow":"follow","max-snippet":"max-snippet:-1","max-image-preview":"max-image-preview:large","max-video-preview":"max-video-preview:-1"},"canonical":"https:\/\/italyviptours.com\/register-corporate\/","og_locale":"it_IT","og_type":"article","og_title":"Registro Aziendale - Italy Vip Tours","og_description":"Registrazione aziendale","og_url":"https:\/\/italyviptours.com\/register-corporate\/","og_site_name":"Italy Vip Tours","article_modified_time":"2025-08-18T11:17:17+00:00","twitter_card":"summary_large_image","schema":{"@context":"https:\/\/schema.org","@graph":[{"@type":"WebPage","@id":"https:\/\/italyviptours.com\/register-corporate\/","url":"https:\/\/italyviptours.com\/register-corporate\/","name":"Registro Aziendale - Italy Vip Tours","isPartOf":{"@id":"https:\/\/italyviptours.com\/#website"},"datePublished":"2025-08-15T12:47:18+00:00","dateModified":"2025-08-18T11:17:17+00:00","breadcrumb":{"@id":"https:\/\/italyviptours.com\/register-corporate\/#breadcrumb"},"inLanguage":"it-IT","potentialAction":[{"@type":"ReadAction","target":["https:\/\/italyviptours.com\/register-corporate\/"]}]},{"@type":"BreadcrumbList","@id":"https:\/\/italyviptours.com\/register-corporate\/#breadcrumb","itemListElement":[{"@type":"ListItem","position":1,"name":"Home","item":"https:\/\/italyviptours.com\/"},{"@type":"ListItem","position":2,"name":"Registro Aziendale"}]},{"@type":"WebSite","@id":"https:\/\/italyviptours.com\/#website","url":"https:\/\/italyviptours.com\/","name":"Italy Vip Tours - Golf Cart Tour in Rome","description":"Let\u2019s Discover a Tour","alternateName":"Italy Vip Tours","potentialAction":[{"@type":"SearchAction","target":{"@type":"EntryPoint","urlTemplate":"https:\/\/italyviptours.com\/?s={search_term_string}"},"query-input":{"@type":"PropertyValueSpecification","valueRequired":true,"valueName":"search_term_string"}}],"inLanguage":"it-IT"}]}},"_links":{"self":[{"href":"https:\/\/italyviptours.com\/it\/wp-json\/wp\/v2\/pages\/1715","targetHints":{"allow":["GET"]}}],"collection":[{"href":"https:\/\/italyviptours.com\/it\/wp-json\/wp\/v2\/pages"}],"about":[{"href":"https:\/\/italyviptours.com\/it\/wp-json\/wp\/v2\/types\/page"}],"author":[{"embeddable":true,"href":"https:\/\/italyviptours.com\/it\/wp-json\/wp\/v2\/users\/1"}],"replies":[{"embeddable":true,"href":"https:\/\/italyviptours.com\/it\/wp-json\/wp\/v2\/comments?post=1715"}],"version-history":[{"count":1,"href":"https:\/\/italyviptours.com\/it\/wp-json\/wp\/v2\/pages\/1715\/revisions"}],"predecessor-version":[{"id":1716,"href":"https:\/\/italyviptours.com\/it\/wp-json\/wp\/v2\/pages\/1715\/revisions\/1716"}],"wp:attachment":[{"href":"https:\/\/italyviptours.com\/it\/wp-json\/wp\/v2\/media?parent=1715"}],"curies":[{"name":"wp","href":"https:\/\/api.w.org\/{rel}","templated":true}]}}