{"id":1683,"date":"2025-08-08T06:00:23","date_gmt":"2025-08-08T06:00:23","guid":{"rendered":"https:\/\/italyviptours.com\/cookie\/"},"modified":"2025-10-08T18:03:17","modified_gmt":"2025-10-08T18:03:17","slug":"cookie","status":"publish","type":"page","link":"https:\/\/italyviptours.com\/it\/cookie\/","title":{"rendered":"Cookie"},"content":{"rendered":"\t\t<div data-elementor-type=\"wp-page\" data-elementor-id=\"1683\" class=\"elementor elementor-1683 elementor-300\" data-elementor-post-type=\"page\">\n\t\t\t\t<div class=\"elementor-element elementor-element-8c0fb97 e-con-full e-flex e-con e-parent\" data-id=\"8c0fb97\" data-element_type=\"container\" data-settings=\"{&quot;background_background&quot;:&quot;classic&quot;}\">\n\t\t<div class=\"elementor-element elementor-element-8c37a0e e-flex e-con-boxed e-con e-child\" data-id=\"8c37a0e\" data-element_type=\"container\">\n\t\t\t\t\t<div class=\"e-con-inner\">\n\t\t\t\t<div class=\"elementor-element elementor-element-3c552c7 elementor-widget elementor-widget-text-editor\" data-id=\"3c552c7\" data-element_type=\"widget\" data-widget_type=\"text-editor.default\">\n\t\t\t\t\t\t\t\t\t<a class=\"mr2\" href=\"#\">Home<\/a> \/ Cookie Policy\t\t\t\t\t\t\t\t<\/div>\n\t\t\t\t<div class=\"elementor-element elementor-element-6b5541b elementor-widget elementor-widget-heading\" data-id=\"6b5541b\" data-element_type=\"widget\" data-widget_type=\"heading.default\">\n\t\t\t\t\t<h2 class=\"elementor-heading-title elementor-size-default\">Cookie Policy<\/h2>\t\t\t\t<\/div>\n\t\t\t\t\t<\/div>\n\t\t\t\t<\/div>\n\t\t\t\t<\/div>\n\t\t<div class=\"elementor-element elementor-element-1c9d6df e-con-full e-flex e-con e-parent\" data-id=\"1c9d6df\" data-element_type=\"container\">\n\t\t\t\t<div class=\"elementor-element elementor-element-530037a elementor-widget elementor-widget-text-editor\" data-id=\"530037a\" data-element_type=\"widget\" data-widget_type=\"text-editor.default\">\n\t\t\t\t\t\t\t\t\t<h2 class=\"title fw-6 wow fadeInUp animated\"><span style=\"color: #000000;\">Cookie Policy<\/span><\/h2><div class=\"sub-title text-body-2 wow fadeInUp animated\" data-wow-delay=\"0.1s\"><p>Informativa ai sensi degli artt. 13 del Regolamento Europeo 2016\/679 (di seguito anche \u201cGDPR\u201d)<\/p><h3>COSA SONO I COOKIE<\/h3><p>Il cookie \u00e8 un piccolo file di testo (pochi byte) scambiato tra un sito internet e il suo browser e utilizzato dal gestore del sito per memorizzare le informazioni necessarie al corretto funzionamento del sito (c.d. cookie necessari), per riconoscere le preferenze di navigazione del sito (c.d. cookie funzionali), per creare un tuo profilo al fine di inviare messaggi pubblicitari in linea con le preferenze da te manifestate (c.d. cookie di profilazione). I cookie possono essere gestiti direttamente dal titolare del sito (c.d. cookie di prima parte) o da soggetti terzi estranei al sito (c.d. cookie di terze parti). <\/p><h3>TIPOLOGIE E FINALIT\u00c0 DEI COOKIE<\/h3><p>COOKIE TECNICI<br>Cookie necessari<br>I cookie necessari aiutano a rendere fruibile un sito web abilitando funzioni di base come la navigazione della pagina e l\u2019accesso alle aree protette del sito. Il sito web non pu\u00f2 funzionare correttamente senza questi cookie<br>Cookie funzionali<br>I cookie funzionali consentono a un sito web di ricordare informazioni che influenzano il modo in cui il sito si comporta o si presenta, come i servizi che hai nel carrello<br>Cookie statistici<br>Questi cookie sono volti a elaborare analisi statistiche sulle tue modalit\u00e0 di navigazione. Sono cookie anonimi che non raccolgono le tue informazioni personali<br>Per l\u2019installazione di questi cookie non \u00e8 richiesto il tuo preventivo consenso  <br><br>COOKIE DI PROFILAZIONE<br>Cookie Social<br>Questi cookie ti consentono di condividere i tuoi contenuti con una vasta gamma di piattaforme di social network<br>Cookie Marketing<br>Questi cookie consentono di analizzare il comportamento di navigazione del visitatore sul sito per veicolare contenuti pubblicitari su reti di terze parti in linea con le preferenze del visitatore<br>Per l\u2019installazione di tali cookie \u00e8 invece richiesto il Suo preventivo consenso<\/p><h3>COME PRESTARE IL CONSENSO<\/h3><p>Il consenso si intende prestato quando, al momento della connessione al sito, si clicca su \u201cAccetta\u201d a margine dell\u2019informativa breve che compare nel banner o, anche senza cliccare su \u201cAccetta\u201d, si prosegue la navigazione<\/p><h3>NATURA DEL CONFERIMENTO DEI DATI E CONSEGUENZE DI UN EVENTUALE RIFIUTO<\/h3><p>L\u2019installazione di cookie tecnici non \u00e8 soggetta al Suo preventivo consenso in quanto strettamente necessari alla trasmissione di dati su una rete di comunicazione elettronica. L\u2019installazione dei cookie di profilazione richiede il tuo preventivo consenso come dettagliato nel relativo paragrafo. Il tuo rifiuto non impedisce la navigazione sul sito ma solo l\u2019attivazione dei cookie per i quali non hai prestato il consenso. <\/p><h3>DETTAGLIO SUI TIPI DI COOKIE<\/h3><p>Tecnici<br>I cookie necessari aiutano a rendere fruibile un sito web abilitando funzioni di base come la navigazione della pagina e l\u2019accesso alle aree protette del sito. Il sito web non pu\u00f2 funzionare correttamente senza questi cookie. <br><br>Statistiche<br>Questi cookie sono volti a elaborare analisi statistiche sulle tue modalit\u00e0 di navigazione. Sono cookie in cui il tuo indirizzo IP \u00e8 anonimizzato e quindi non raccolgono le tue informazioni personali. <br><br>Profilazione<br>Questi cookie consentono l\u2019analisi del comportamento di navigazione del visitatore sul sito per veicolare contenuti pubblicitari su reti di terze parti in linea con le preferenze del visitatore.<\/p><h3>QUALI COOKIE UTILIZZIAMO<\/h3><p>Sul sito ITALY VIP TOURS utilizziamo solo ed esclusivamente cookie tecnici che non richiedono il Suo preventivo consenso.<\/p><h3>COME DISABILITARE I COOKIE DAI PRINCIPALI BROWSER<\/h3><p>La disabilitazione totale o parziale dei cookie tecnici pu\u00f2 compromettere l&#8217;utilizzo delle funzionalit\u00e0 del sito.<br>La disabilitazione dei cookie di profilazione non pregiudica in alcun modo la navigabilit\u00e0 del sito.<br>Per disabilitarli \u00e8 possibile accedere al proprio browser per accettare o meno le diverse tipologie di cookie e procedere alla loro rimozione.<br>Ecco i link dei principali browser che ti permetteranno di effettuare questa scelta:<br>Chrome: <a href=\"#\">https:\/\/support.google.com\/chrome\/answer\/95647?hl=it<\/a><br>Firefox: <a href=\"#\">https:\/\/support.mozilla.org\/it\/kb\/Gestione%20dei%20cookie<\/a><br>Internet Explorer: <a href=\"#\">https:\/\/windows.microsoft.com\/it-it\/windows7\/how-to-manage-cookies-in-internet-explorer-9<\/a><br>Opera: <a href=\"#\">https:\/\/help.opera.com\/Windows\/10.00\/it\/cookies.html<\/a><br>Safari: <a href=\"#\">https:\/\/support.apple.com\/kb\/HT1677?viewlocale=it_IT<\/a><\/p><h3>BASE GIURIDICA FINALIT\u00c0 DEL TRATTAMENTO DEI DATI<\/h3><p>Per i trattamenti che avvengono mediante cookie tecnici e statistici, relativi alle seguenti attivit\u00e0:<\/p><ul><li>1. Esecuzione di autenticazione informatica<\/li><li>2. Ottimizzazione della navigazione dell\u2019utente<\/li><li>3. Monitoraggio della sessione e analisi statistica anonima<\/li><\/ul><p>la base giuridica \u00e8 il nostro legittimo interesse alla presenza sul WEB e alla corretta navigazione degli utenti.<br><br><br>Per i trattamenti che avvengono mediante cookie tecnici e statistici, relativi alle seguenti attivit\u00e0:<\/p><ul><li>Definition of the user profile based on the preferences shown during navigation<\/li><\/ul><p>La base giuridica \u00e8 il consenso dell\u2019utente della rete.<\/p><h3>TEMPO DI CONSERVAZIONE DEI DATI<\/h3><p>I dati raccolti saranno conservati per un arco di tempo non superiore al conseguimento delle finalit\u00e0 per le quali sono trattati (\u201cprincipio di limitazione della conservazione\u201d, art.5, GDPR) o in base alle scadenze previste dalla legge.<\/p><h3>MODALIT\u00c0 DEL TRATTAMENTO DEI DATI<\/h3><p>Il trattamento dei dati viene effettuato con strumenti elettronici, con logiche strettamente correlate alle finalit\u00e0 sopra indicate e, comunque, in modo da garantire la sicurezza e la riservatezza dei dati.<\/p><h3>SOGGETTI AI QUALI I DATI POSSONO ESSERE COMUNICATI<\/h3><p>I dati potranno essere comunicati a tutti i soggetti che svolgono attivit\u00e0 necessarie all&#8217;erogazione del servizio e dei cookie. I soggetti appartenenti alle categorie sopra indicate utilizzeranno i dati in qualit\u00e0 di \u201ctitolari del trattamento\u201d.<br>Potranno inoltre essere comunicati ai soggetti incaricati della gestione e manutenzione del sito, nominati Responsabili del trattamento.<\/p><h3>DIRITTI DELL\u2019INTERESSATO<\/h3><p>Avrai diritto di ottenere la conferma dell\u2019esistenza o meno di dati personali che ti riguardano, anche se non ancora registrati, e la loro comunicazione in un formato strutturato, di uso comune, comprensibile e leggibile da dispositivo automatico; l\u2019indicazione dell\u2019origine dei dati personali, delle finalit\u00e0 e modalit\u00e0 del trattamento, della logica applicata, in caso di trattamento effettuato con l\u2019ausilio di strumenti elettronici, nonch\u00e9 dei soggetti o delle categorie di soggetti cui i dati personali potranno essere comunicati o che potranno venirne a conoscenza in qualit\u00e0 di responsabili o incaricati; avr\u00e0 altres\u00ec il diritto alla cancellazione, alla trasformazione in forma anonima o al blocco dei dati trattati in violazione di legge, alla portabilit\u00e0 dei suoi dati, nonch\u00e9 all\u2019aggiornamento, alla rettificazione, alla limitazione o, se richiesto, all\u2019integrazione o di riceverne copia dei dati oggetto di trattamento.<br>Avrai il diritto di revocare il consenso prestato, senza pregiudicare la liceit\u00e0 del consenso precedentemente prestato.<br>Avrai inoltre il diritto di proporre reclamo al Garante della Privacy.<\/p><\/div>\t\t\t\t\t\t\t\t<\/div>\n\t\t\t\t<\/div>\n\t\t\t\t<\/div>\n\t\t","protected":false},"excerpt":{"rendered":"<p>Home \/ Cookie Policy Cookie Policy Cookie Policy Informativa ai sensi degli artt. 13 del Regolamento Europeo 2016\/679 (di seguito [&hellip;]<\/p>\n","protected":false},"author":1,"featured_media":0,"parent":0,"menu_order":0,"comment_status":"closed","ping_status":"closed","template":"elementor_header_footer","meta":{"_acf_changed":false,"site-sidebar-layout":"default","site-content-layout":"","ast-site-content-layout":"default","site-content-style":"default","site-sidebar-style":"default","ast-global-header-display":"","ast-banner-title-visibility":"","ast-main-header-display":"","ast-hfb-above-header-display":"","ast-hfb-below-header-display":"","ast-hfb-mobile-header-display":"","site-post-title":"","ast-breadcrumbs-content":"","ast-featured-img":"","footer-sml-layout":"","theme-transparent-header-meta":"","adv-header-id-meta":"","stick-header-meta":"","header-above-stick-meta":"","header-main-stick-meta":"","header-below-stick-meta":"","astra-migrate-meta-layouts":"default","ast-page-background-enabled":"default","ast-page-background-meta":{"desktop":{"background-color":"var(--ast-global-color-5)","background-image":"","background-repeat":"repeat","background-position":"center center","background-size":"auto","background-attachment":"scroll","background-type":"","background-media":"","overlay-type":"","overlay-color":"","overlay-opacity":"","overlay-gradient":""},"tablet":{"background-color":"","background-image":"","background-repeat":"repeat","background-position":"center center","background-size":"auto","background-attachment":"scroll","background-type":"","background-media":"","overlay-type":"","overlay-color":"","overlay-opacity":"","overlay-gradient":""},"mobile":{"background-color":"","background-image":"","background-repeat":"repeat","background-position":"center center","background-size":"auto","background-attachment":"scroll","background-type":"","background-media":"","overlay-type":"","overlay-color":"","overlay-opacity":"","overlay-gradient":""}},"ast-content-background-meta":{"desktop":{"background-color":"var(--ast-global-color-4)","background-image":"","background-repeat":"repeat","background-position":"center center","background-size":"auto","background-attachment":"scroll","background-type":"","background-media":"","overlay-type":"","overlay-color":"","overlay-opacity":"","overlay-gradient":""},"tablet":{"background-color":"var(--ast-global-color-4)","background-image":"","background-repeat":"repeat","background-position":"center center","background-size":"auto","background-attachment":"scroll","background-type":"","background-media":"","overlay-type":"","overlay-color":"","overlay-opacity":"","overlay-gradient":""},"mobile":{"background-color":"var(--ast-global-color-4)","background-image":"","background-repeat":"repeat","background-position":"center center","background-size":"auto","background-attachment":"scroll","background-type":"","background-media":"","overlay-type":"","overlay-color":"","overlay-opacity":"","overlay-gradient":""}},"footnotes":""},"class_list":["post-1683","page","type-page","status-publish","hentry"],"acf":[],"yoast_head":"<!-- This site is optimized with the Yoast SEO plugin v26.0 - https:\/\/yoast.com\/wordpress\/plugins\/seo\/ -->\n<title>Cookie - Italy Vip Tours<\/title>\n<meta name=\"robots\" content=\"index, follow, max-snippet:-1, max-image-preview:large, max-video-preview:-1\" \/>\n<link rel=\"canonical\" href=\"https:\/\/italyviptours.com\/cookie-policy\/\" \/>\n<meta property=\"og:locale\" content=\"it_IT\" \/>\n<meta property=\"og:type\" content=\"article\" \/>\n<meta property=\"og:title\" content=\"Cookie - Italy Vip Tours\" \/>\n<meta property=\"og:description\" content=\"Home \/ Cookie Policy Cookie Policy Cookie Policy Informativa ai sensi degli artt. 13 del Regolamento Europeo 2016\/679 (di seguito [&hellip;]\" \/>\n<meta property=\"og:url\" content=\"https:\/\/italyviptours.com\/cookie-policy\/\" \/>\n<meta property=\"og:site_name\" content=\"Italy Vip Tours\" \/>\n<meta property=\"article:modified_time\" content=\"2025-10-08T18:03:17+00:00\" \/>\n<meta name=\"twitter:card\" content=\"summary_large_image\" \/>\n<meta name=\"twitter:label1\" content=\"Tempo di lettura stimato\" \/>\n\t<meta name=\"twitter:data1\" content=\"6 minuti\" \/>\n<script type=\"application\/ld+json\" class=\"yoast-schema-graph\">{\"@context\":\"https:\/\/schema.org\",\"@graph\":[{\"@type\":\"WebPage\",\"@id\":\"https:\/\/italyviptours.com\/cookie-policy\/\",\"url\":\"https:\/\/italyviptours.com\/cookie-policy\/\",\"name\":\"Cookie - Italy Vip Tours\",\"isPartOf\":{\"@id\":\"https:\/\/italyviptours.com\/#website\"},\"datePublished\":\"2025-08-08T06:00:23+00:00\",\"dateModified\":\"2025-10-08T18:03:17+00:00\",\"breadcrumb\":{\"@id\":\"https:\/\/italyviptours.com\/cookie-policy\/#breadcrumb\"},\"inLanguage\":\"it-IT\",\"potentialAction\":[{\"@type\":\"ReadAction\",\"target\":[\"https:\/\/italyviptours.com\/cookie-policy\/\"]}]},{\"@type\":\"BreadcrumbList\",\"@id\":\"https:\/\/italyviptours.com\/cookie-policy\/#breadcrumb\",\"itemListElement\":[{\"@type\":\"ListItem\",\"position\":1,\"name\":\"Home\",\"item\":\"https:\/\/italyviptours.com\/\"},{\"@type\":\"ListItem\",\"position\":2,\"name\":\"Cookie\"}]},{\"@type\":\"WebSite\",\"@id\":\"https:\/\/italyviptours.com\/#website\",\"url\":\"https:\/\/italyviptours.com\/\",\"name\":\"Italy Vip Tours - Golf Cart Tour in Rome\",\"description\":\"Let\u2019s Discover a Tour\",\"alternateName\":\"Italy Vip Tours\",\"potentialAction\":[{\"@type\":\"SearchAction\",\"target\":{\"@type\":\"EntryPoint\",\"urlTemplate\":\"https:\/\/italyviptours.com\/?s={search_term_string}\"},\"query-input\":{\"@type\":\"PropertyValueSpecification\",\"valueRequired\":true,\"valueName\":\"search_term_string\"}}],\"inLanguage\":\"it-IT\"}]}<\/script>\n<!-- \/ Yoast SEO plugin. -->","yoast_head_json":{"title":"Cookie - Italy Vip Tours","robots":{"index":"index","follow":"follow","max-snippet":"max-snippet:-1","max-image-preview":"max-image-preview:large","max-video-preview":"max-video-preview:-1"},"canonical":"https:\/\/italyviptours.com\/cookie-policy\/","og_locale":"it_IT","og_type":"article","og_title":"Cookie - Italy Vip Tours","og_description":"Home \/ Cookie Policy Cookie Policy Cookie Policy Informativa ai sensi degli artt. 13 del Regolamento Europeo 2016\/679 (di seguito [&hellip;]","og_url":"https:\/\/italyviptours.com\/cookie-policy\/","og_site_name":"Italy Vip Tours","article_modified_time":"2025-10-08T18:03:17+00:00","twitter_card":"summary_large_image","twitter_misc":{"Tempo di lettura stimato":"6 minuti"},"schema":{"@context":"https:\/\/schema.org","@graph":[{"@type":"WebPage","@id":"https:\/\/italyviptours.com\/cookie-policy\/","url":"https:\/\/italyviptours.com\/cookie-policy\/","name":"Cookie - Italy Vip Tours","isPartOf":{"@id":"https:\/\/italyviptours.com\/#website"},"datePublished":"2025-08-08T06:00:23+00:00","dateModified":"2025-10-08T18:03:17+00:00","breadcrumb":{"@id":"https:\/\/italyviptours.com\/cookie-policy\/#breadcrumb"},"inLanguage":"it-IT","potentialAction":[{"@type":"ReadAction","target":["https:\/\/italyviptours.com\/cookie-policy\/"]}]},{"@type":"BreadcrumbList","@id":"https:\/\/italyviptours.com\/cookie-policy\/#breadcrumb","itemListElement":[{"@type":"ListItem","position":1,"name":"Home","item":"https:\/\/italyviptours.com\/"},{"@type":"ListItem","position":2,"name":"Cookie"}]},{"@type":"WebSite","@id":"https:\/\/italyviptours.com\/#website","url":"https:\/\/italyviptours.com\/","name":"Italy Vip Tours - Golf Cart Tour in Rome","description":"Let\u2019s Discover a Tour","alternateName":"Italy Vip Tours","potentialAction":[{"@type":"SearchAction","target":{"@type":"EntryPoint","urlTemplate":"https:\/\/italyviptours.com\/?s={search_term_string}"},"query-input":{"@type":"PropertyValueSpecification","valueRequired":true,"valueName":"search_term_string"}}],"inLanguage":"it-IT"}]}},"_links":{"self":[{"href":"https:\/\/italyviptours.com\/it\/wp-json\/wp\/v2\/pages\/1683","targetHints":{"allow":["GET"]}}],"collection":[{"href":"https:\/\/italyviptours.com\/it\/wp-json\/wp\/v2\/pages"}],"about":[{"href":"https:\/\/italyviptours.com\/it\/wp-json\/wp\/v2\/types\/page"}],"author":[{"embeddable":true,"href":"https:\/\/italyviptours.com\/it\/wp-json\/wp\/v2\/users\/1"}],"replies":[{"embeddable":true,"href":"https:\/\/italyviptours.com\/it\/wp-json\/wp\/v2\/comments?post=1683"}],"version-history":[{"count":7,"href":"https:\/\/italyviptours.com\/it\/wp-json\/wp\/v2\/pages\/1683\/revisions"}],"predecessor-version":[{"id":3015,"href":"https:\/\/italyviptours.com\/it\/wp-json\/wp\/v2\/pages\/1683\/revisions\/3015"}],"wp:attachment":[{"href":"https:\/\/italyviptours.com\/it\/wp-json\/wp\/v2\/media?parent=1683"}],"curies":[{"name":"wp","href":"https:\/\/api.w.org\/{rel}","templated":true}]}}